{"id":83,"date":"2016-02-09T14:35:50","date_gmt":"2016-02-09T13:35:50","guid":{"rendered":"https:\/\/www.coupet-rochepatrimoine.fr\/?page_id=83"},"modified":"2025-03-31T13:43:25","modified_gmt":"2025-03-31T12:43:25","slug":"mentions-legales","status":"publish","type":"page","link":"https:\/\/www.coupet-rochepatrimoine.fr\/index.php\/mentions-legales\/","title":{"rendered":"Mentions l\u00e9gales"},"content":{"rendered":"<p><strong>Editeur du site :<\/strong><\/p>\n<p>CR Patrimoine repr\u00e9sent\u00e9e par Anne-Sylvie Coupet-Roche (42 rue des Grands Ch\u00eanes - ZAC des Granges - 42600 Montbrison)<\/p>\n<p class=\"western\"><strong>Nom du site : <\/strong><span style=\"color: #653d83;\"><strong><a class=\"moz-txt-link-abbreviated\" style=\"color: #653d83;\" href=\"https:\/\/www.coupet-rochepatrimoine.fr\">www.coupet-rochepatrimoine.fr<\/a><\/strong><\/span><\/p>\n<p class=\"western\"><strong>T\u00e9l. 06 83 63 13 48<\/strong><\/p>\n<p><strong>e-mail : <a href=\"mailto:asroche@coupet-rochepatrimoine.fr\">asroche@coupet-rochepatrimoine.fr<\/a> <\/strong><\/p>\n<p><strong> N\u00b0 de Siret : 799 569 710 00012 - <\/strong>APE : 7022Z -\u00a0RCS de St-Etienne - SARL au capital de 8000\u20ac - N\u00b0 TVA intracommunautaire FR 22 799569710<\/p>\n<p><strong>Directeur G\u00e9n\u00e9ral : Anne-Sylvie Coupet-Roche<\/strong><br \/>\nLe site <span style=\"color: #653d83;\"><strong><a class=\"moz-txt-link-abbreviated\" style=\"color: #653d83;\" href=\"https:\/\/www.coupet-rochepatrimoine.fr\">www.coupet-rochepatrimoine.fr<\/a><\/strong> <\/span>appartient et est exploit\u00e9 par <strong>CR patrimoine<br \/>\n<\/strong><br \/>\n<span style=\"color: #653d83;\"><strong><a class=\"moz-txt-link-abbreviated\" style=\"color: #653d83;\" href=\"https:\/\/www.coupet-rochepatrimoine.fr\">www.coupet-rochepatrimoine.fr<\/a> <\/strong><\/span>est un nom de domaine appartenant \u00e0<strong> CR Patrimoine<br \/>\n<\/strong><\/p>\n<p>&nbsp;<\/p>\n<p><strong>Mentions l\u00e9gales <\/strong><\/p>\n<p>L'utilisation du site\u00a0<span style=\"color: #653d83;\"><strong><a class=\"moz-txt-link-abbreviated\" style=\"color: #653d83;\" href=\"https:\/\/www.coupet-rochepatrimoine.fr\">www.coupet-rochepatrimoine.fr<\/a> <\/strong><\/span>est r\u00e9gie par les termes et conditions g\u00e9n\u00e9rales d'utilisation d\u00e9taill\u00e9s ci-dessous. Tout utilisateur reconna\u00eet en avoir pris connaissance et les accepter. <strong>CR PATRIMOINE<\/strong> se r\u00e9serve la possibilit\u00e9 de modifier \u00e0 tout moment et sans pr\u00e9avis l'acc\u00e8s \u00e0\u00a0<span style=\"color: #653d83;\"><strong><a class=\"moz-txt-link-abbreviated\" style=\"color: #653d83;\" href=\"https:\/\/www.coupet-rochepatrimoine.fr\">www.coupet-rochepatrimoine.fr<\/a> <\/strong><\/span>ainsi que les termes des conditions g\u00e9n\u00e9rales.<\/p>\n<p>La fiche d'informations l\u00e9gales est t\u00e9l\u00e9chargeable <strong><a class=\"moz-txt-link-abbreviated\" style=\"color: #653d83;\" href=\"https:\/\/www.coupet-rochepatrimoine.fr\/wp-content\/uploads\/2025\/03\/CoupetRochePatrimoine_FIL_V0924.pdf\" target=\"_blank\" rel=\"noopener noreferrer\">en cliquant sur ce lien<\/a><\/strong>.<\/p>\n<p><strong>Conditions G\u00e9n\u00e9rales d'utilisation <\/strong><\/p>\n<p>Par utilisateur, on entend toute personne physique et morale qui vient \u00e0 visiter le site suivant : <span style=\"color: #653d83;\"><strong><a class=\"moz-txt-link-abbreviated\" style=\"color: #653d83;\" href=\"https:\/\/www.coupet-rochepatrimoine.fr\">www.coupet-rochepatrimoine.fr<\/a><\/strong><\/span><\/p>\n<p><strong>Cookies <\/strong><\/p>\n<p><strong>CR PATRIMOINE<\/strong><strong>,<\/strong> pour les besoins du service, se r\u00e9serve le droit de collecter des donn\u00e9es nominatives relatives aux utilisateurs du site, notamment par le biais de \" cookies \".<br \/>\nCes fichiers ne sont pas des programmes. Ils nous permettent de vous proposer des offres correspondant \u00e0 vos attentes et d\u2019acc\u00e9l\u00e9rer l\u2019acc\u00e8s au site en aidant votre ordinateur \u00e0 vous identifier plus rapidement. La dur\u00e9e de conservation de ces informations dans votre ordinateur est de 1 an. Nous vous informons que vous pouvez vous opposer \u00e0 l'enregistrement de \"cookies\" en configurant votre navigateur.<\/p>\n<p><strong>Donn\u00e9es nominatives et politique de confidentialit\u00e9<\/strong><\/p>\n<p>Conform\u00e9ment \u00e0 la loi n\u00b078-17 du 06 janvier 1978, tout utilisateur ou client du site dispose d\u2019un droit d\u2019acc\u00e8s, de rectification, d\u2019opposition et de suppression concernant l\u2019ensemble des donn\u00e9es \u00e0 caract\u00e8re personnel. Toutes les demandes relatives au pr\u00e9sent article devront \u00eatre envoy\u00e9es \u00e0 <a href=\"mailto:asroche@coupet-rochepatrimoine.fr\"><span style=\"color: #800080;\">asroche@coupet-rochepatrimoine.fr<\/span><\/a>. Les informations personnelles recueillies ne sont pas enregistr\u00e9es dans un fichier informatis\u00e9.<\/p>\n<p><strong>Copyright et propri\u00e9t\u00e9 intellectuelle <\/strong><\/p>\n<p>Tous les \u00e9crans, graphismes et autres informations pr\u00e9sents sur le site\u00a0<strong><span style=\"color: #653d83;\"><a class=\"moz-txt-link-abbreviated\" style=\"color: #653d83;\" href=\"https:\/\/www.coupet-rochepatrimoine.fr\">www.coupet-rochepatrimoine.fr<\/a><\/span> <\/strong>sont la propri\u00e9t\u00e9 du <strong>CR PATRIMOINE<\/strong>.<\/p>\n<p>L'ensemble des \u00e9l\u00e9ments \u00e9dit\u00e9s sur ce site, qu'ils soient visuels ou sonores, y compris la technologie sous-jacente, sont prot\u00e9g\u00e9s par les dispositions du code de la Propri\u00e9t\u00e9 Intellectuelle.<br \/>\nIls sont la propri\u00e9t\u00e9 exclusive de <strong>CR PATRIMOINE<\/strong>. En cons\u00e9quence, aucun \u00e9l\u00e9ment composant ce Site ne peut \u00eatre copi\u00e9, reproduit, modifi\u00e9, r\u00e9\u00e9dit\u00e9, charg\u00e9, d\u00e9natur\u00e9, transmis ou distribu\u00e9 de quelque mani\u00e8re que ce soit, de fa\u00e7on partielle ou int\u00e9grale, sans l'autorisation \u00e9crite et pr\u00e9alable de <strong>CR PATRIMOINE. <\/strong> Seule la copie \u00e0 usage priv\u00e9 est autoris\u00e9e pour votre usage personnel, priv\u00e9 et non-commercial, sur votre ordinateur.<\/p>\n<p>L'acc\u00e8s au site vous conf\u00e8re un droit d'usage priv\u00e9 et non exclusif du site.<\/p>\n<p><strong>Nature des informations et limitation de responsabilit\u00e9 <\/strong><\/p>\n<p>Les informations contenues sur le site sont donn\u00e9es aux seules fins d\u2019information de l\u2019utilisateur et ne peuvent \u00eatre consid\u00e9r\u00e9 comme assorties d'une quelconque forme de garantie. De ce fait, l'utilisation du pr\u00e9sent site s'effectue enti\u00e8rement aux propres risques de l'utilisateur. <strong>CR PATRIMOINE<\/strong> ne pourra \u00eatre tenu pour responsables des dommages directs ou indirects, tels que, notamment, pr\u00e9judice mat\u00e9riel, pertes de donn\u00e9es ou de programme, pr\u00e9judice financier, r\u00e9sultant de l\u2019utilisation de ce site.<br \/>\nEn outre, ne pourra \u00eatre tenu responsable pour tous dommages r\u00e9sultant d'une intrusion frauduleuse d'un tiers, ayant entra\u00een\u00e9 une modification des informations ou \u00e9l\u00e9ments mis \u00e0 la disposition sur le site.<\/p>\n<p><strong>Disponibilit\u00e9 du site web <\/strong><\/p>\n<p><strong>CR PATRIMOINE<\/strong> s'engage \u00e0 faire ses meilleurs efforts pour assurer aux utilisateurs une accessibilit\u00e9 du Site \u00e0 tout moment.<br \/>\n<strong>CR PATRIMOINE <\/strong>pourra \u00e0 tout moment, modifier ou interrompre, temporairement ou de fa\u00e7on permanente, tout ou partie du Site pour effectuer des op\u00e9rations de maintenance et\/ou effectuer des am\u00e9liorations et\/ou des modifications sur le site.<\/p>\n<p><strong>Conception et r\u00e9alisation du site :<\/strong><\/p>\n<p><strong>Gestion de projet, mise en oeuvre : VIOLETTE digitale<br \/>\n<\/strong>161 chemin des Bruy\u00e8res - 42170 St-Just St-Rambert - T\u00e9l. 06 71 57 55 58<br \/>\n<strong><span style=\"color: #653d83;\"><a style=\"color: #653d83;\" href=\"http:\/\/www.violette-digitale.fr\/\" target=\"_blank\" rel=\"noopener noreferrer\">violette-digitale.fr<\/a><\/span><\/strong><\/p>\n<p><strong>D\u00e9veloppement : SFI<\/strong><br \/>\n\"Le Rocacier\" - 15 rue Camille de Rochetaill\u00e9e - 42000 Saint-Etienne - T\u00e9l. 04 77 91 13 13<br \/>\n<strong><span style=\"color: #653d83;\"><a style=\"color: #653d83;\" href=\"http:\/\/www.sfi.fr\" target=\"_blank\" rel=\"noopener noreferrer\">www.sfi.fr <\/a><\/span><\/strong><\/p>\n<p><strong>H\u00e9bergement du site en France : <\/strong>Adista <a href=\"https:\/\/www.adista.fr\/\">https:\/\/www.adista.fr\/<\/a><\/p>\n","protected":false},"excerpt":{"rendered":"Editeur du site : CR Patrimoine repr\u00e9sent\u00e9e par Anne-Sylvie Coupet-Roche (42 rue des Grands Ch\u00eanes - ZAC des Granges - 42600 Montbrison) Nom du site : www.coupet-rochepatrimoine.fr T\u00e9l. 06 83 63 13 48 e-mail : asroche@coupet-rochepatrimoine.fr N\u00b0 de Siret : 799 569 710 00012 - APE : 7022Z -\u00a0RCS de St-Etienne - SARL au capital de 8000\u20ac - N\u00b0 TVA&nbsp;<a href=\"https:\/\/www.coupet-rochepatrimoine.fr\/index.php\/mentions-legales\/\" class=\"read-more\">Lire la suite<\/a>","protected":false},"author":1,"featured_media":0,"parent":0,"menu_order":0,"comment_status":"closed","ping_status":"closed","template":"page-fullwidth.php","meta":{"footnotes":""},"class_list":["post-83","page","type-page","status-publish","hentry"],"aioseo_notices":[],"_links":{"self":[{"href":"https:\/\/www.coupet-rochepatrimoine.fr\/index.php\/wp-json\/wp\/v2\/pages\/83","targetHints":{"allow":["GET"]}}],"collection":[{"href":"https:\/\/www.coupet-rochepatrimoine.fr\/index.php\/wp-json\/wp\/v2\/pages"}],"about":[{"href":"https:\/\/www.coupet-rochepatrimoine.fr\/index.php\/wp-json\/wp\/v2\/types\/page"}],"author":[{"embeddable":true,"href":"https:\/\/www.coupet-rochepatrimoine.fr\/index.php\/wp-json\/wp\/v2\/users\/1"}],"replies":[{"embeddable":true,"href":"https:\/\/www.coupet-rochepatrimoine.fr\/index.php\/wp-json\/wp\/v2\/comments?post=83"}],"version-history":[{"count":2,"href":"https:\/\/www.coupet-rochepatrimoine.fr\/index.php\/wp-json\/wp\/v2\/pages\/83\/revisions"}],"predecessor-version":[{"id":450,"href":"https:\/\/www.coupet-rochepatrimoine.fr\/index.php\/wp-json\/wp\/v2\/pages\/83\/revisions\/450"}],"wp:attachment":[{"href":"https:\/\/www.coupet-rochepatrimoine.fr\/index.php\/wp-json\/wp\/v2\/media?parent=83"}],"curies":[{"name":"wp","href":"https:\/\/api.w.org\/{rel}","templated":true}]}}