{"id":445,"date":"2025-03-31T13:38:58","date_gmt":"2025-03-31T12:38:58","guid":{"rendered":"https:\/\/www.coupet-rochepatrimoine.fr\/?page_id=445"},"modified":"2025-03-31T15:21:40","modified_gmt":"2025-03-31T14:21:40","slug":"reglementation","status":"publish","type":"page","link":"https:\/\/www.coupet-rochepatrimoine.fr\/index.php\/reglementation\/","title":{"rendered":"R\u00e9glementation"},"content":{"rendered":"<p><strong><u>Qu'est-ce que la SFDR ou Disclosure ?<\/u><\/strong><\/p>\n<p>Le r\u00e8glement SFDR, ou Sustainable Finance Disclosure Regulation,\u00a0s'int\u00e8gre dans la r\u00e9glementation de la finance durable et vise \u00e0 promouvoir la durabilit\u00e9 dans le secteur de la Finance en Europe.<\/p>\n<p>Ainsi, au sein de ces investissements responsables, la strat\u00e9gie des g\u00e9rants doit obligatoirement proposer au c\u0153ur de son offre, des fonds respectant les articles 8 et 9 du r\u00e8glement Disclosure, permettant de mesurer la finance \u00e0 impact \u00e0 partir du 2 ao\u00fbt 2022.<\/p>\n<p>Le <strong><u>r\u00e8glement SFDR<\/u><\/strong> \u00e9tablit des r\u00e8gles et obligations de transparence quant \u00e0 la publication d'informations sur la durabilit\u00e9 des placements :<\/p>\n<ul>\n<li>Placements poursuivant un objectif d'investissement durable (art. 9)<\/li>\n<li>Placements promouvant des crit\u00e8res sociaux et\/ou environnementaux r\u00e9alis\u00e9s dans des entreprises suivant des bonnes pratiques de gouvernance (art. 8)<\/li>\n<li>Placements n'ayant pas d'objectif d'investissement durable et ne d\u00e9clarant pas prendre en compte les crit\u00e8res ESG (art. 6)<\/li>\n<\/ul>\n<p>Un investissement est consid\u00e9r\u00e9 comme \"durable\" s'il :<\/p>\n<ul>\n<li>Contribue \u00e0 un objectif environnemental ou social\u00a0;<\/li>\n<li>Sans causer de pr\u00e9judice significatif \u00e0 d'autres objectifs environnementaux ou sociaux\u00a0;<\/li>\n<li>Dans une entreprise appliquant de bonnes pratiques de gouvernance.<\/li>\n<\/ul>\n<p><strong><u>Qu\u2019est-ce que les crit\u00e8res ESG<\/u><\/strong><\/p>\n<p>1 - Les <strong><u>crit\u00e8res ESG<\/u><\/strong> regroupent trois crit\u00e8res diff\u00e9rents\u00a0:<\/p>\n<ul>\n<li>Environnementaux\u00a0;<\/li>\n<li>Sociaux<\/li>\n<li>Gouvernance<\/li>\n<\/ul>\n<p>Ces crit\u00e8res permettent de mesurer la prise en compte du d\u00e9veloppement durable et des enjeux de long terme des entreprises.<\/p>\n<p>Ces crit\u00e8res sont associ\u00e9s \u00e0 un certain nombre de bonnes ou de mauvaises pratiques \u00e0 \u00e9viter dont voici quelques exemples\u00a0:<\/p>\n<ul>\n<li>Crit\u00e8res Environnementaux\u00a0: bilan carbone, strat\u00e9gie de r\u00e9duction des \u00e9missions de gaz \u00e0 effet de serre, consommation \u00e9nerg\u00e9tique, gestion des d\u00e9chets et valorisation, pr\u00e9vention des impacts sur la biodiversit\u00e9 (rejets polluants par exemple), etc.<\/li>\n<li>Crit\u00e8res Sociaux\u00a0: parit\u00e9, inclusivit\u00e9 des minorit\u00e9s et handicaps, respect du Droit du Travail, qualit\u00e9 du dialogue avec les parties prenantes, formation des collaborateurs, s\u00e9curit\u00e9 au travail, etc.<\/li>\n<li>Crit\u00e8res de Gouvernance\u00a0: prise en compte de l\u2019avis des parties prenantes dans la direction de l\u2019entreprise, v\u00e9rification des comptes par un tiers, diversit\u00e9 au sein du conseil d\u2019administration, transparence des salaires, lutte contre la corruption, etc.<\/li>\n<\/ul>\n<p>Les <strong><u>principales incidences n\u00e9gatives (PAI)<\/u><\/strong>, article 4 SFDR\u00a0:<\/p>\n<p>Il s\u2019agit de la prise en compte des impacts n\u00e9gatifs des d\u00e9cisions d'investissement d'un point de vue environnemental, social ou de bonne gouvernance avec pour pr\u00e9cision les actions mises en \u0153uvre pour les att\u00e9nuer.<\/p>\n<p><strong><u>Qu\u2019est-ce que le r\u00e8glement Taxonomie<\/u><\/strong><\/p>\n<p>Il \u00e9tablit une classification pour qu'une activit\u00e9 \u00e9conomique soit consid\u00e9r\u00e9e comme durable (poursuivant des objectifs environnementaux)\u00a0:<\/p>\n<ul>\n<li>Att\u00e9nuation du risque climatique\u00a0;<\/li>\n<li>Utilisation durable et protection des ressources aquatiques et marines\u00a0;<\/li>\n<li>Pr\u00e9vention et r\u00e9duction de la pollution\u00a0;<\/li>\n<li>Adaptation au changement climatique\u00a0;<\/li>\n<li>Transition vers une \u00e9conomie circulaire\u00a0;<\/li>\n<li>Protection et restauration de la biodiversit\u00e9 et des \u00e9cosyst\u00e8mes.<\/li>\n<\/ul>\n<p>Un investissement est consid\u00e9r\u00e9 comme \"durable\" s'il respecte 3 conditions cumulatives\u00a0:<\/p>\n<ul>\n<li>Correspondre \u00e0 l'un des 6 objectifs du tableau<\/li>\n<li>Ne pas avoir d'impact n\u00e9gatif significatif sur l'un des 5 autres<\/li>\n<li>Respect des garanties minimales sociales (ex. : droits sociaux)<\/li>\n<\/ul>\n<p>&nbsp;<\/p>\n","protected":false},"excerpt":{"rendered":"Qu'est-ce que la SFDR ou Disclosure ? Le r\u00e8glement SFDR, ou Sustainable Finance Disclosure Regulation,\u00a0s'int\u00e8gre dans la r\u00e9glementation de la finance durable et vise \u00e0 promouvoir la durabilit\u00e9 dans le secteur de la Finance en Europe. Ainsi, au sein de ces investissements responsables, la strat\u00e9gie des g\u00e9rants doit obligatoirement proposer au c\u0153ur de son offre, des fonds respectant les articles&nbsp;<a href=\"https:\/\/www.coupet-rochepatrimoine.fr\/index.php\/reglementation\/\" class=\"read-more\">Lire la suite<\/a>","protected":false},"author":1,"featured_media":0,"parent":0,"menu_order":0,"comment_status":"closed","ping_status":"closed","template":"page-fullwidth.php","meta":{"footnotes":""},"class_list":["post-445","page","type-page","status-publish","hentry"],"aioseo_notices":[],"_links":{"self":[{"href":"https:\/\/www.coupet-rochepatrimoine.fr\/index.php\/wp-json\/wp\/v2\/pages\/445","targetHints":{"allow":["GET"]}}],"collection":[{"href":"https:\/\/www.coupet-rochepatrimoine.fr\/index.php\/wp-json\/wp\/v2\/pages"}],"about":[{"href":"https:\/\/www.coupet-rochepatrimoine.fr\/index.php\/wp-json\/wp\/v2\/types\/page"}],"author":[{"embeddable":true,"href":"https:\/\/www.coupet-rochepatrimoine.fr\/index.php\/wp-json\/wp\/v2\/users\/1"}],"replies":[{"embeddable":true,"href":"https:\/\/www.coupet-rochepatrimoine.fr\/index.php\/wp-json\/wp\/v2\/comments?post=445"}],"version-history":[{"count":7,"href":"https:\/\/www.coupet-rochepatrimoine.fr\/index.php\/wp-json\/wp\/v2\/pages\/445\/revisions"}],"predecessor-version":[{"id":463,"href":"https:\/\/www.coupet-rochepatrimoine.fr\/index.php\/wp-json\/wp\/v2\/pages\/445\/revisions\/463"}],"wp:attachment":[{"href":"https:\/\/www.coupet-rochepatrimoine.fr\/index.php\/wp-json\/wp\/v2\/media?parent=445"}],"curies":[{"name":"wp","href":"https:\/\/api.w.org\/{rel}","templated":true}]}}