{"id":40,"date":"2016-01-21T11:19:00","date_gmt":"2016-01-21T10:19:00","guid":{"rendered":"https:\/\/www.coupet-rochepatrimoine.fr\/?page_id=40"},"modified":"2025-10-09T09:09:32","modified_gmt":"2025-10-09T08:09:32","slug":"courtage-bancaire-et-financier","status":"publish","type":"page","link":"https:\/\/www.coupet-rochepatrimoine.fr\/index.php\/courtage-bancaire-et-financier\/","title":{"rendered":"Courtage bancaire et financier"},"content":{"rendered":"<article>\n<div class=\"contentActivity\">\n<div>\n<p style=\"text-align: justify;\">Anne-Sylvie Coupet-Roche <b>recherche<\/b><b> <\/b>pour vous le meilleur financement de vos <b>projets immobiliers particuliers immobiliers<\/b>\u00a0et\/ou professionnels<b> (cr\u00e9ation<\/b>, <b>reprise<\/b>, et <b>transmission <\/b>d' <b>entreprise)<\/b>.<\/p>\n<p style=\"text-align: justify;\">Coupet-Roche Patrimoine s'occupe de la <b>gestion <\/b>des <b>dossiers <\/b>aupr\u00e8s des diff\u00e9rents <b> \u00e9tablissements bancaires<\/b>, et <b>n\u00e9gocie <\/b>les <b>meilleures conditions <\/b>de <b>taux<\/b>, de <b>garanties<\/b>, d' <b>assurances <\/b>et d' <b>accessoires<\/b>.<\/p>\n<\/div>\n<\/div>\n<h2>Courtiers de pr\u00eats immobiliers et professionnels<\/h2>\n<p><strong>Ma d\u00e9marche, mon engagement :<\/strong> <img loading=\"lazy\" decoding=\"async\" class=\"size-medium wp-image-52 alignright\" src=\"https:\/\/www.coupet-rochepatrimoine.fr\/wp-content\/uploads\/2016\/01\/acc-gestionpatrimoine-300x198.jpg\" alt=\"acc-gestionpatrimoine\" width=\"300\" height=\"198\" srcset=\"https:\/\/www.coupet-rochepatrimoine.fr\/wp-content\/uploads\/2016\/01\/acc-gestionpatrimoine-300x198.jpg 300w, https:\/\/www.coupet-rochepatrimoine.fr\/wp-content\/uploads\/2016\/01\/acc-gestionpatrimoine.jpg 338w\" sizes=\"auto, (max-width: 300px) 100vw, 300px\" \/><\/p>\n<p style=\"text-align: justify;\">Au del\u00e0 de la recherche de votre financement, Anne-Sylvie Coupet-Roche est dot\u00e9e d'une r\u00e9elle expertise dans le montage et l'optimisation de votre dossier.<\/p>\n<p style=\"text-align: justify;\">Coupet-Roche Patrimoine dispose de conventions avec les principaux acteurs bancaires de la place. Anne-Sylvie Coupet-Roche vous accompagne jusqu'\u00e0 la signature de l'offre de pr\u00eat:<\/p>\n<ul>\n<li style=\"text-align: justify;\">D\u00e9p\u00f4t de votre dossier aupr\u00e8s du partenaire choisi,<\/li>\n<li style=\"text-align: justify;\">Accompagnement dans l'\u00e9tablissement financier afin de valider ensemble les conditions pr\u00e9alablement \u00e9nonc\u00e9es,<\/li>\n<li style=\"text-align: justify;\">Assistance si n\u00e9cessaire, au moment de la signature des offres de pr\u00eat et d'assurance.<\/li>\n<\/ul>\n<p style=\"text-align: justify;\">Pour les pr\u00eats immobiliers aux particuliers, elle propose une tarification forfaitaire quelque soit le montant de la recherche de financement.<\/p>\n<p style=\"text-align: justify;\">Pour les pr\u00eats professionnels, Anne-Sylvie Coupet-Roche rentre en contact avec vos conseillers habituels (avocat, expert-comptable ...) afin d'optimiser vos montages financiers. Ensuite, la d\u00e9marche suivie est identique \u00e0 celle d'un pr\u00eat particulier. Les honoraires de courtage s'\u00e9l\u00e8vent \u00e0 1% TTC du montant financ\u00e9.<\/p>\n<p style=\"text-align: justify;\">Certification, agr\u00e9ment : <span style=\"color: #800080;\"><a style=\"color: #800080;\" href=\"http:\/\/www.orias.fr\" target=\"_blank\" rel=\"noopener noreferrer\">Orias<\/a><\/span> n\u00b0IOBSP 14001093<\/p>\n<p>Interm\u00e9diaire en Op\u00e9rations de Banque et de Service de Paiement, Courtier, l'activit\u00e9 est contr\u00f4lable par l'Autorit\u00e9 de contr\u00f4le Prudentiel et de R\u00e9solution (<span style=\"color: #800080;\"><a style=\"color: #800080;\" href=\"http:\/\/www.acpr.banquefrance.fr\/\" target=\"_blank\" rel=\"noopener noreferrer\">ACPR<\/a><\/span>) 4 Place Budapest 75436 PARIS CEDEX 09<br \/>\n- CNIL N\u00b01770726<br \/>\n- <span style=\"color: #800080;\"><a style=\"color: #800080;\" href=\"http:\/\/www.mediation-assurance.org\/\" target=\"_blank\" rel=\"noopener noreferrer\">IAS<\/a><\/span> (Interm\u00e9diaire en Assurance) avec La M\u00e9diation de l\u2019Assurance TSA 50110 75441 PARIS CEDEX 09<br \/>\n- M\u00e9diation pour les transactions IOBSP et immobili\u00e8res ANM Conso 2 Rue Colmar 93000 VINCENNES<br \/>\n- Activit\u00e9s immobili\u00e8res Carte Professionnelle N\u00b0 CPI 4202 2018 000 028 730 d\u00e9livr\u00e9e par la CCI de Lyon m\u00e9tropole St Etienne Roanne<\/p>\n<\/article>\n<div class=\"mp-span4 motopress-clmn\">\n<div  class=\"mp-row-fluid motopress-row\">\n<div class=\"mp-span12 motopress-clmn\">\n<div class=\"motopress-button-obj motopress-text-align-left\"><a href=\"https:\/\/www.coupet-rochepatrimoine.fr\/index.php\/gestion-de-patrimoine\/\" class=\"motopress-btn btn btn-primary btn-normal btn-inline \">Gestion de patrimoine<\/a><\/div>\n<\/div>\n<\/div>\n<\/div>\n<div class=\"mp-span4 motopress-clmn\">\n<div  class=\"mp-row-fluid motopress-row\">\n<div class=\"mp-span12 motopress-clmn\">\n<div class=\"motopress-button-obj motopress-text-align-left\"><a href=\"https:\/\/www.coupet-rochepatrimoine.fr\/index.php\/defiscalisation\" class=\"motopress-btn btn btn-primary btn-normal btn-inline \">Defiscalisation<\/a><\/div>\n<\/div>\n<\/div>\n<\/div>\n","protected":false},"excerpt":{"rendered":"Anne-Sylvie Coupet-Roche recherche pour vous le meilleur financement de vos projets immobiliers particuliers immobiliers\u00a0et\/ou professionnels (cr\u00e9ation, reprise, et transmission d' entreprise). Coupet-Roche Patrimoine s'occupe de la gestion des dossiers aupr\u00e8s des diff\u00e9rents \u00e9tablissements bancaires, et n\u00e9gocie les meilleures conditions de taux, de garanties, d' assurances et d' accessoires. Courtiers de pr\u00eats immobiliers et professionnels Ma d\u00e9marche, mon engagement : Au&nbsp;<a href=\"https:\/\/www.coupet-rochepatrimoine.fr\/index.php\/courtage-bancaire-et-financier\/\" class=\"read-more\">Lire la suite<\/a>","protected":false},"author":1,"featured_media":0,"parent":0,"menu_order":0,"comment_status":"closed","ping_status":"closed","template":"page-fullwidth.php","meta":{"footnotes":""},"class_list":["post-40","page","type-page","status-publish","hentry"],"aioseo_notices":[],"_links":{"self":[{"href":"https:\/\/www.coupet-rochepatrimoine.fr\/index.php\/wp-json\/wp\/v2\/pages\/40","targetHints":{"allow":["GET"]}}],"collection":[{"href":"https:\/\/www.coupet-rochepatrimoine.fr\/index.php\/wp-json\/wp\/v2\/pages"}],"about":[{"href":"https:\/\/www.coupet-rochepatrimoine.fr\/index.php\/wp-json\/wp\/v2\/types\/page"}],"author":[{"embeddable":true,"href":"https:\/\/www.coupet-rochepatrimoine.fr\/index.php\/wp-json\/wp\/v2\/users\/1"}],"replies":[{"embeddable":true,"href":"https:\/\/www.coupet-rochepatrimoine.fr\/index.php\/wp-json\/wp\/v2\/comments?post=40"}],"version-history":[{"count":5,"href":"https:\/\/www.coupet-rochepatrimoine.fr\/index.php\/wp-json\/wp\/v2\/pages\/40\/revisions"}],"predecessor-version":[{"id":475,"href":"https:\/\/www.coupet-rochepatrimoine.fr\/index.php\/wp-json\/wp\/v2\/pages\/40\/revisions\/475"}],"wp:attachment":[{"href":"https:\/\/www.coupet-rochepatrimoine.fr\/index.php\/wp-json\/wp\/v2\/media?parent=40"}],"curies":[{"name":"wp","href":"https:\/\/api.w.org\/{rel}","templated":true}]}}