{"id":12,"date":"2016-01-19T14:30:51","date_gmt":"2016-01-19T13:30:51","guid":{"rendered":"https:\/\/www.coupet-rochepatrimoine.fr\/?page_id=12"},"modified":"2025-10-09T09:08:23","modified_gmt":"2025-10-09T08:08:23","slug":"defiscalisation","status":"publish","type":"page","link":"https:\/\/www.coupet-rochepatrimoine.fr\/index.php\/defiscalisation\/","title":{"rendered":"D\u00e9fiscalisation"},"content":{"rendered":"<h2 style=\"text-align: justify;\">Pour vos <strong>placements<\/strong>, le cabinet <strong>Coupet-Roche Patrimoine<\/strong> vous propose une <strong>s\u00e9lection<\/strong> des <strong>meilleurs placements<\/strong> et <strong>gestionnaires<\/strong> permettant de <strong>r\u00e9duire l'imp\u00f4t sur le revenu<\/strong> et l'IFI (Imp\u00f4t sur la Fortune Immobili\u00e8re).<\/h2>\n<p style=\"text-align: justify;\">Dans le domaine de l'<strong>immobilier<\/strong>, Anne-Sylvie Coupet- Roche vous propose une large gamme d'<strong>investissements<\/strong> en immobilier direct ou <strong>indirect<\/strong> (SCPI).<\/p>\n<p><strong><img loading=\"lazy\" decoding=\"async\" class=\"size-medium wp-image-51 alignright\" src=\"https:\/\/www.coupet-rochepatrimoine.fr\/wp-content\/uploads\/2016\/01\/acc-defiscalisation-300x198.jpg\" alt=\"acc-defiscalisation\" width=\"300\" height=\"198\" srcset=\"https:\/\/www.coupet-rochepatrimoine.fr\/wp-content\/uploads\/2016\/01\/acc-defiscalisation-300x198.jpg 300w, https:\/\/www.coupet-rochepatrimoine.fr\/wp-content\/uploads\/2016\/01\/acc-defiscalisation.jpg 338w\" sizes=\"auto, (max-width: 300px) 100vw, 300px\" \/>Placements<\/strong> :<\/p>\n<ul>\n<li style=\"text-align: justify;\">Coupet-Roche Patrimoine vous propose une s\u00e9lection des meilleurs placements et gestionnaires permettant de r\u00e9duire l'imp\u00f4t sur le revenu et l'IFI<\/li>\n<li>FIP, FCPI<\/li>\n<li>Investissements directs<\/li>\n<li>Sofica<\/li>\n<\/ul>\n<p><strong>Immobilier<\/strong> :<\/p>\n<ul>\n<li>Coupet-Roche Patrimoine vous propose une large gamme d'investissements en immobilier direct ou indirect (SCPI) :<\/li>\n<li>Investissements en nue-propri\u00e9t\u00e9<\/li>\n<li>Programme \u00e9ligibles loi Pinel, au statut de loueur en meubl\u00e9 professionnel et non professionnel<\/li>\n<li>R\u00e9sidences d'affaire, \u00e9tudiante, de tourisme et s\u00e9nior<\/li>\n<\/ul>\n<p><strong>R\u00e8glementation :<\/strong><\/p>\n<ul>\n<li>Conseiller en investissements financiers r\u00e9f\u00e9renc\u00e9 sous le n\u00b0 <span style=\"color: #653d83;\"><strong><a href=\"https:\/\/www.anacofi.asso.fr\/fr\/\" target=\"_blank\" rel=\"noopener noreferrer\">E00 3761 par l'ANACOFI-CIF<\/a><\/strong><\/span>, association agr\u00e9\u00e9e par<span style=\"color: #653d83;\"><strong><a style=\"color: #653d83;\" href=\"http:\/\/www.amf-france.org\/\" target=\"_blank\" rel=\"noopener noreferrer\"> l'AMF<\/a><\/strong><\/span><\/li>\n<li>CNIL N\u00b0 1770726<\/li>\n<li>Activit\u00e9 de transactions immobili\u00e8res, carte professionnelle<br \/>\nn\u00b0CPI 4202 2018 000 028 730 d\u00e9livr\u00e9e par la CCI : Lyon M\u00e9tropole St-Etienne Roanne<\/li>\n<li>Responsabilit\u00e9 civile professionnelle et garanties financi\u00e8res n\u00b0114240090 souscrites aupr\u00e8s de MMA Entreprise<\/li>\n<\/ul>\n<div class=\"mp-span4 motopress-clmn\">\n<div  class=\"mp-row-fluid motopress-row\">\n<div class=\"mp-span12 motopress-clmn\">\n<div class=\"motopress-button-obj motopress-text-align-left\"><a href=\"https:\/\/www.coupet-rochepatrimoine.fr\/index.php\/gestion-de-patrimoine\" class=\"motopress-btn btn btn-primary btn-normal btn-inline \">Gestion de patrimoine<\/a><\/div>\n<\/div>\n<\/div>\n<\/div>\n<div class=\"mp-span4 motopress-clmn\">\n<div  class=\"mp-row-fluid motopress-row\">\n<div class=\"mp-span12 motopress-clmn\">\n<div class=\"motopress-button-obj motopress-text-align-left\"><a href=\"https:\/\/www.coupet-rochepatrimoine.fr\/index.php\/courtage-bancaire-et-financier\/\" class=\"motopress-btn btn btn-primary btn-normal btn-inline \">Courtage bancaire et financier<\/a><\/div>\n<\/div>\n<\/div>\n<\/div>\n","protected":false},"excerpt":{"rendered":"Pour vos placements, le cabinet Coupet-Roche Patrimoine vous propose une s\u00e9lection des meilleurs placements et gestionnaires permettant de r\u00e9duire l'imp\u00f4t sur le revenu et l'IFI (Imp\u00f4t sur la Fortune Immobili\u00e8re). Dans le domaine de l'immobilier, Anne-Sylvie Coupet- Roche vous propose une large gamme d'investissements en immobilier direct ou indirect (SCPI). Placements : Coupet-Roche Patrimoine vous propose une s\u00e9lection des meilleurs&nbsp;<a href=\"https:\/\/www.coupet-rochepatrimoine.fr\/index.php\/defiscalisation\/\" class=\"read-more\">Lire la suite<\/a>","protected":false},"author":1,"featured_media":0,"parent":0,"menu_order":0,"comment_status":"closed","ping_status":"closed","template":"page-fullwidth.php","meta":{"footnotes":""},"class_list":["post-12","page","type-page","status-publish","hentry"],"aioseo_notices":[],"_links":{"self":[{"href":"https:\/\/www.coupet-rochepatrimoine.fr\/index.php\/wp-json\/wp\/v2\/pages\/12","targetHints":{"allow":["GET"]}}],"collection":[{"href":"https:\/\/www.coupet-rochepatrimoine.fr\/index.php\/wp-json\/wp\/v2\/pages"}],"about":[{"href":"https:\/\/www.coupet-rochepatrimoine.fr\/index.php\/wp-json\/wp\/v2\/types\/page"}],"author":[{"embeddable":true,"href":"https:\/\/www.coupet-rochepatrimoine.fr\/index.php\/wp-json\/wp\/v2\/users\/1"}],"replies":[{"embeddable":true,"href":"https:\/\/www.coupet-rochepatrimoine.fr\/index.php\/wp-json\/wp\/v2\/comments?post=12"}],"version-history":[{"count":5,"href":"https:\/\/www.coupet-rochepatrimoine.fr\/index.php\/wp-json\/wp\/v2\/pages\/12\/revisions"}],"predecessor-version":[{"id":474,"href":"https:\/\/www.coupet-rochepatrimoine.fr\/index.php\/wp-json\/wp\/v2\/pages\/12\/revisions\/474"}],"wp:attachment":[{"href":"https:\/\/www.coupet-rochepatrimoine.fr\/index.php\/wp-json\/wp\/v2\/media?parent=12"}],"curies":[{"name":"wp","href":"https:\/\/api.w.org\/{rel}","templated":true}]}}