{"id":10,"date":"2016-01-19T12:58:29","date_gmt":"2016-01-19T11:58:29","guid":{"rendered":"https:\/\/www.coupet-rochepatrimoine.fr\/?page_id=10"},"modified":"2025-10-09T09:10:01","modified_gmt":"2025-10-09T08:10:01","slug":"gestion-de-patrimoine","status":"publish","type":"page","link":"https:\/\/www.coupet-rochepatrimoine.fr\/index.php\/gestion-de-patrimoine\/","title":{"rendered":"Gestion de patrimoine"},"content":{"rendered":"<h2>Anne-Sylvie Coupet-Roche, <strong>conseiller en gestion de patrimoine <\/strong>, s\u00e9lectionne les meilleures solutions patrimoniales et financi\u00e8res pour son\/ses client(s), selon ses besoins et au moment le plus opportun.<\/h2>\n<p style=\"text-align: left;\">Le conseiller en gestion de patrimoine se distingue des autres intervenants du march\u00e9 patrimonial par :<img loading=\"lazy\" decoding=\"async\" class=\"alignright wp-image-114 size-medium\" src=\"https:\/\/www.coupet-rochepatrimoine.fr\/wp-content\/uploads\/2016\/02\/VisuelPlaquette-300x295.jpeg\" alt=\"VisuelPlaquette\" width=\"300\" height=\"295\" srcset=\"https:\/\/www.coupet-rochepatrimoine.fr\/wp-content\/uploads\/2016\/02\/VisuelPlaquette-300x295.jpeg 300w, https:\/\/www.coupet-rochepatrimoine.fr\/wp-content\/uploads\/2016\/02\/VisuelPlaquette-768x756.jpeg 768w, https:\/\/www.coupet-rochepatrimoine.fr\/wp-content\/uploads\/2016\/02\/VisuelPlaquette-1024x1009.jpeg 1024w\" sizes=\"auto, (max-width: 300px) 100vw, 300px\" \/><\/p>\n<ul>\n<li>une absence de lien capitalistique vis-\u00e0-vis des \u00e9tablissements financiers<\/li>\n<li>une sp\u00e9cialisation en gestion de patrimoine<\/li>\n<li>une approche globale par rapport \u00e0 votre situation sp\u00e9cifique<\/li>\n<li>une relation solide et sur le long terme<\/li>\n<\/ul>\n<p>&nbsp;<\/p>\n<p>Son expertise lui permet d'aborder avec vous tous les aspects relatifs au patrimoine, qu'il s'agisse de fiscalit\u00e9, d'assurance, d'immobilier ou de placements financiers.<\/p>\n<p style=\"text-align: justify;\">Anne-Sylvie Coupet-Roche offre au client soucieux de s'occuper de son patrimoine en plus de l'expertise et du conseil, une valeur ajout\u00e9e en termes de temps, de tranquilit\u00e9 d'esprit, et une aide dans la pr\u00e9paration des \u00e9tapes clefs de sa vie.<\/p>\n<p style=\"text-align: justify;\">En effet, Anne-Sylvie Coupet-Roche vous accompagne tout au long de votre chemin patrimonial afin de d\u00e9finir et dynamiser votre strat\u00e9gie patrimoniale, placer votre argent, anticiper les \u00e9tudes des enfants et assurer leur avenir, pr\u00e9parer votre retraite, clarifier la transmission de votre patrimoine ...<\/p>\n<p style=\"text-align: justify;\">Ces interventions peuvent \u00eatre r\u00e9mun\u00e9r\u00e9es sous forme d'honoraires, dont les modalit\u00e9s sont pr\u00e9cis\u00e9es par une lettre de mission pr\u00e9alable, et\/ou par la r\u00e9trocession de commissions li\u00e9es aux investissements r\u00e9alis\u00e9s avec Coupet-Roche Patrimoine.<br \/>\nAnne-Sylvie Coupet-Roche s'engage \u00e0 effectuer pr\u00e9alablement \u00e0 tout conseil votre bilan patrimonial.<\/p>\n<p><strong>Certification, Agr\u00e9ment d'Anne-Sylvie Coupet-Roche<\/strong><br \/>\n- Master II en gestion de patrimoine (Lyon III)<br \/>\n- <strong><a style=\"color: #653d83;\" href=\"https:\/\/www.orias.fr\/welcome\" target=\"_blank\" rel=\"noopener noreferrer\">Orias n\u00b014001093<\/a><\/strong><br \/>\n- Adh\u00e9rent \u00e0 une association professionnelle <strong><span style=\"color: #653d83;\"><a style=\"color: #653d83;\" href=\"http:\/\/www.anacofi.asso.fr\" target=\"_blank\" rel=\"noopener noreferrer\">ANACOFI-CIF<\/a><\/span><\/strong> n\u00b0 E00 3761<br \/>\n- Responsabilit\u00e9 civile professionnelle et garanties financi\u00e8res n\u00b0114240090 souscrites aupr\u00e8s de MMA Entreprise, 14 bd Marie &amp; Alexandre Oyon, 72030 Le Mans Cedex<br \/>\n- Autorit\u00e9 de tutelle <strong><a href=\"http:\/\/www.amf-france.org\/\" target=\"_blank\" rel=\"noopener noreferrer\">AMF<\/a><\/strong> 17 Place de la Bourse 75082 Paris cedex 02<br \/>\n- CNIL N\u00b0 1770726<\/p>\n<p>Le cabinet Coupet-Roche Patrimoine se situe \u00e0 Montbrison, tout pr\u00e8s de St-Etienne dans la Loire (42). Il est sp\u00e9cialis\u00e9 dans la strat\u00e9gie patrimoniale, les placements financiers, l'assurance-vie, mais aussi les domaines de la pr\u00e9voyance et de la retraite.<\/p>\n<div class=\"mp-span4 motopress-clmn\">\n<div  class=\"mp-row-fluid motopress-row\">\n<div class=\"mp-span12 motopress-clmn\">\n<div class=\"motopress-button-obj motopress-text-align-left\"><a href=\"https:\/\/www.coupet-rochepatrimoine.fr\/index.php\/defiscalisation\/\" class=\"motopress-btn btn btn-primary btn-normal btn-inline \">Defiscalisation<\/a><\/div>\n<\/div>\n<\/div>\n<\/div>\n<div class=\"mp-span4 motopress-clmn\">\n<div  class=\"mp-row-fluid motopress-row\">\n<div class=\"mp-span12 motopress-clmn\">\n<div class=\"motopress-button-obj motopress-text-align-left\"><a href=\"https:\/\/www.coupet-rochepatrimoine.fr\/index.php\/courtage-bancaire-et-financier\/\" class=\"motopress-btn btn btn-primary btn-normal btn-inline \">Courtage bancaire et financier<\/a><\/div>\n<\/div>\n<\/div>\n<\/div>\n","protected":false},"excerpt":{"rendered":"Anne-Sylvie Coupet-Roche, conseiller en gestion de patrimoine , s\u00e9lectionne les meilleures solutions patrimoniales et financi\u00e8res pour son\/ses client(s), selon ses besoins et au moment le plus opportun. Le conseiller en gestion de patrimoine se distingue des autres intervenants du march\u00e9 patrimonial par : une absence de lien capitalistique vis-\u00e0-vis des \u00e9tablissements financiers une sp\u00e9cialisation en gestion de patrimoine une approche&nbsp;<a href=\"https:\/\/www.coupet-rochepatrimoine.fr\/index.php\/gestion-de-patrimoine\/\" class=\"read-more\">Lire la suite<\/a>","protected":false},"author":1,"featured_media":0,"parent":0,"menu_order":0,"comment_status":"closed","ping_status":"closed","template":"page-fullwidth.php","meta":{"footnotes":""},"class_list":["post-10","page","type-page","status-publish","hentry"],"aioseo_notices":[],"_links":{"self":[{"href":"https:\/\/www.coupet-rochepatrimoine.fr\/index.php\/wp-json\/wp\/v2\/pages\/10","targetHints":{"allow":["GET"]}}],"collection":[{"href":"https:\/\/www.coupet-rochepatrimoine.fr\/index.php\/wp-json\/wp\/v2\/pages"}],"about":[{"href":"https:\/\/www.coupet-rochepatrimoine.fr\/index.php\/wp-json\/wp\/v2\/types\/page"}],"author":[{"embeddable":true,"href":"https:\/\/www.coupet-rochepatrimoine.fr\/index.php\/wp-json\/wp\/v2\/users\/1"}],"replies":[{"embeddable":true,"href":"https:\/\/www.coupet-rochepatrimoine.fr\/index.php\/wp-json\/wp\/v2\/comments?post=10"}],"version-history":[{"count":4,"href":"https:\/\/www.coupet-rochepatrimoine.fr\/index.php\/wp-json\/wp\/v2\/pages\/10\/revisions"}],"predecessor-version":[{"id":476,"href":"https:\/\/www.coupet-rochepatrimoine.fr\/index.php\/wp-json\/wp\/v2\/pages\/10\/revisions\/476"}],"wp:attachment":[{"href":"https:\/\/www.coupet-rochepatrimoine.fr\/index.php\/wp-json\/wp\/v2\/media?parent=10"}],"curies":[{"name":"wp","href":"https:\/\/api.w.org\/{rel}","templated":true}]}}